{"id":63,"date":"2017-01-23T02:37:43","date_gmt":"2017-01-23T05:37:43","guid":{"rendered":"http:\/\/www.paudalho.pe.gov.br\/portal\/?page_id=63"},"modified":"2023-07-03T10:24:08","modified_gmt":"2023-07-03T13:24:08","slug":"a-prefeitura","status":"publish","type":"page","link":"https:\/\/www.paudalho.pe.gov.br\/portal\/a-prefeitura\/","title":{"rendered":"A Prefeitura"},"content":{"rendered":"<p>O termo prefeitura surgiu na Roma Antiga para diferenciar uma vila governada por um prefeito dos munic\u00edpios ou col\u00f4nias que tinham mais direitos. J\u00e1 no Imp\u00e9rio Romano tardio, cerca de quatro s\u00e9culos d.C., Diocleciano dividiu o imp\u00e9rio em quatro distritos governativos relativamente autossuficientes, dando origem \u00e0 tetrarquia.<\/p>\n<p>A Prefeitura de Paudalho \u00e9 a sede do poder executivo do munic\u00edpio, ela \u00e9 comandada por um prefeito eleito e dividida em secretarias do governo, tais como educa\u00e7\u00e3o, sa\u00fade, seguran\u00e7a, cultura, entre outras administra\u00e7\u00f5es diretas e indiretas.<\/p>\n<p>O nome tamb\u00e9m pode se referir ao pr\u00e9dio onde fica o governo da cidade, na Avenida Raul Bandeira 21, Centro, que tamb\u00e9m pode ser chamado de pa\u00e7o municipal, onde se encontra o Gabinete do Prefeito.<\/p>\n<p>A CIDADE DE PAUDALHO<\/p>\n<p>A cidade de Paudalho \u00e9 bem marcada pela hist\u00f3ria, e suas terras come\u00e7aram a ser exploradas em fins do s\u00e9culo XVI, com o corte do pau-brasil em suas florestas. O nome da cidade de Paudalho surge da deriva\u00e7\u00e3o de uma grande \u00e1rvore secular que exalava cheiro completamente semelhante ao do alho que existia na margem direita do Rio Capibaribe, extremo oeste da Cidade, num lugar antes chamado de Ita\u00edba, atualmente onde fica localizada a Ponte de Ita\u00edba, centro da cidade.<\/p>\n<p>A ocupa\u00e7\u00e3o organizada das terras iniciou com um aldeamento ind\u00edgena promovido pelos padres franciscanos: aldeia de Miritiba (corruptela do tupi mbiri-tyba, que, no dizer de Teodoro Sampaio, significa juncal). Esta aldeia localizava-se nos extremos de Goiana, Igarassu e Tracunha\u00e9m, do lado esquerdo do Rio Capibaribe. Nesta aldeia nasceu o \u00edndio Poti, batizado Felipe Camar\u00e3o, her\u00f3i da luta contra a ocupa\u00e7\u00e3o holandesa. Posteriormente a regi\u00e3o cresceu sob o impulso do cultivo da cana-de-a\u00e7\u00facar e diversos engenhos estabeleceram-se na regi\u00e3o. O primeiro registro \u00e9 do Engenho Mussurepe, instalado por volta de 1630. Na primitiva aldeia ind\u00edgena estabeleceu-se o Engenho Aldeia, de propriedade de Bartolomeu de Holanda Cavalc\u00e2nti em 1660.<\/p>\n<p>O povoado de Paudalho surgiu no entorno do engenho Paudalho, de propriedade do portugu\u00eas Joaquim Domingos Teles.<\/p>\n<p>Cronologia<\/p>\n<p>O Alvar\u00e1 R\u00e9gio de 18 de agosto de 1811 cria a vila de Pao de Alho. A Lei Provincial 86, de 8 de maio de 1840, cria a comarca de Paudalho, denominando-a munic\u00edpio.<br \/>\nA Lei Provincial 1318, de 4 de fevereiro de 1879, eleva a vila \u00e0 condi\u00e7\u00e3o de cidade, com a denomina\u00e7\u00e3o de Cidade do Esp\u00edrito Santo.<br \/>\nLei 52, de 3 de agosto de 1892, disp\u00f5e sobre a cria\u00e7\u00e3o do munic\u00edpio de Paudalho.<br \/>\nO munic\u00edpio foi constitu\u00eddo em 3 de abril de 1893, conforme of\u00edcio do seu prefeito ao governador do estado, informando o ato.<\/p>\n<p>Geografia<\/p>\n<p>Localiza-se a uma latitude 07\u00ba53&#8217;48&#8221; sul e a uma longitude 35\u00ba10&#8217;47&#8221; oeste, estando a uma altitude de 69 metros.<\/p>\n<p>O a maior parte do relevo do munic\u00edpio insere-se nos Tabuleiros Costeiros, que apresentam altitude m\u00e9dia de 50 a 100 metros. S\u00e3o compostos por plat\u00f4s de origem sedimentar, com grau de entalhamento vari\u00e1vel, ora com vales estreitos e encostas abruptas, ora abertos com encostas suaves e fundos com amplas v\u00e1rzeas. A leste, parte da \u00e1rea est\u00e1 inserida na unidade geoambiental das Supef\u00edcies Retrabalhadas. Os solos constituem-se de Latossolos e Podz\u00f3licos nos topos de chapadas e topos residuais; pelos Podz\u00f3licos com Fregipan, Podz\u00f3licos Pl\u00ednticos e Podz\u00f3is nas pequenas depress\u00f5es nos tabuleiros; pelos Podz\u00f3licos Concrecion\u00e1rios em \u00e1reas dissecadas e encostas e Gleissolos e Solos Aluviais nas \u00e1reas de v\u00e1rzeas.<\/p>\n<p>Predominam na vegeta\u00e7\u00e3o a Floresta subperenif\u00f3lia, com partes de Floresta subcaducif\u00f3lia e cerrado\/ floresta.<\/p>\n<p>O munic\u00edpio de Paudalho encontra-se inserido nos dom\u00ednios da Bacia Hidrogr\u00e1fica do Rio Capibaribe.<\/p>\n<p>O \u00cdndice de Desenvolvimento Humano Municipal-IDH-M \u00e9 de 0,670, que situa o munic\u00edpio em 34o no ranking estadual e em 3465o no nacional.<\/p>\n<p>Economia<\/p>\n<p>A economia do munic\u00edpio baseia-se na monocultura de cana-de-a\u00e7\u00facar para produ\u00e7\u00e3o de a\u00e7\u00facar e etanol, e na fabrica\u00e7\u00e3o de artigos cer\u00e2micos para a constru\u00e7\u00e3o civil.<\/p>\n<p>Turismo<\/p>\n<p>Paudalho \u00e9 um grande centro de romaria do Nordeste, cujo acesso \u00e9 facilitado por situar-se \u00e0 margem da rodovia BR-408, que liga o munic\u00edpio \u00e0 cidade do Recife, capital do Estado.<\/p>\n<p>Os romeiros v\u00eam entre setembro e janeiro ao Engenho Ramos, onde est\u00e1 a capela de Nossa Senhora da Luz, cumprir promessas a S\u00e3o Severino dos Ramos. Anexa \u00e0 capela est\u00e1 a sala dos ex-votos, onde os fi\u00e9is depositam pe\u00e7as diversas, em agradecimento a gra\u00e7as alcan\u00e7adas.<\/p>\n<p>Outro ponto de interesse s\u00e3o as ru\u00ednas do Mosteiro de S\u00e3o Francisco, onde v\u00e1rios religiosos se refugiaram quando da ocupa\u00e7\u00e3o holandesa em Pernambuco. Diversos pr\u00e9dios de interesse hist\u00f3rico s\u00e3o abertos \u00e0 visita\u00e7\u00e3o: como antigos engenhos; a Ponte de Ita\u00edba, do s\u00e9culo XIX, inaugurada pelo Imperador Dom Pedro II; o Bosque de Pau-Brasil; a f\u00e1brica de beneficiamento do sal, instalada em pr\u00e9dio do s\u00e9culo XVIII; a esta\u00e7\u00e3o ferrovi\u00e1ria (1891); os antigos casar\u00f5es do in\u00edcio deste s\u00e9culo, com detalhes ou fachada em azulejos portugueses; a casa de farinha do Engenho A\u00e7ougue Velho; o a\u00e7ude zumbi.<\/p>\n<p>A festa de S\u00e3o Sebasti\u00e3o, \u00e9 a mais movimentada festa popular religiosa, por\u00e9m o padroeiro da Cidade \u00e9 o Divino Esp\u00edrito Santo, com sua matriz localizada pr\u00f3xima \u00e0 Prefeitura Municipal. Durante o Carnaval, a cidade conta com grupos de maracatu rural, bumba-meu-boi, urso e caboclinhos.<\/p>\n","protected":false},"excerpt":{"rendered":"<p>O termo prefeitura surgiu na Roma Antiga para diferenciar uma vila governada por um prefeito dos munic\u00edpios ou col\u00f4nias que tinham mais direitos. J\u00e1 no Imp\u00e9rio Romano tardio, cerca de quatro s\u00e9culos d.C., Diocleciano dividiu o imp\u00e9rio em quatro distritos governativos relativamente autossuficientes, dando origem \u00e0 tetrarquia. A Prefeitura de Paudalho \u00e9 a sede do [&hellip;]<\/p>\n","protected":false},"author":1,"featured_media":0,"parent":0,"menu_order":0,"comment_status":"closed","ping_status":"closed","template":"","meta":{"footnotes":""},"class_list":["post-63","page","type-page","status-publish","hentry"],"jetpack_sharing_enabled":true,"jetpack_shortlink":"https:\/\/wp.me\/P98mS2-11","_links":{"self":[{"href":"https:\/\/www.paudalho.pe.gov.br\/portal\/wp-json\/wp\/v2\/pages\/63","targetHints":{"allow":["GET"]}}],"collection":[{"href":"https:\/\/www.paudalho.pe.gov.br\/portal\/wp-json\/wp\/v2\/pages"}],"about":[{"href":"https:\/\/www.paudalho.pe.gov.br\/portal\/wp-json\/wp\/v2\/types\/page"}],"author":[{"embeddable":true,"href":"https:\/\/www.paudalho.pe.gov.br\/portal\/wp-json\/wp\/v2\/users\/1"}],"replies":[{"embeddable":true,"href":"https:\/\/www.paudalho.pe.gov.br\/portal\/wp-json\/wp\/v2\/comments?post=63"}],"version-history":[{"count":10,"href":"https:\/\/www.paudalho.pe.gov.br\/portal\/wp-json\/wp\/v2\/pages\/63\/revisions"}],"predecessor-version":[{"id":25954,"href":"https:\/\/www.paudalho.pe.gov.br\/portal\/wp-json\/wp\/v2\/pages\/63\/revisions\/25954"}],"wp:attachment":[{"href":"https:\/\/www.paudalho.pe.gov.br\/portal\/wp-json\/wp\/v2\/media?parent=63"}],"curies":[{"name":"wp","href":"https:\/\/api.w.org\/{rel}","templated":true}]}}