{"id":5668,"date":"2019-01-08T21:41:41","date_gmt":"2019-01-09T00:41:41","guid":{"rendered":"https:\/\/www.paudalho.pe.gov.br\/portal\/?page_id=5668"},"modified":"2021-02-05T11:35:21","modified_gmt":"2021-02-05T14:35:21","slug":"selecao-simplificada-educacao","status":"publish","type":"page","link":"https:\/\/www.paudalho.pe.gov.br\/portal\/selecao-simplificada-educacao\/","title":{"rendered":"Sele\u00e7\u00e3o Simplificada &#8211; Educa\u00e7\u00e3o 2020"},"content":{"rendered":"\n<a href=\"https:\/\/www.paudalho.pe.gov.br\/portal\/selecao-simplificada-pre-inscricao\/\" target=\"_black\" class=\"btn btn-primary\" rel=\"noopener\"><i class=\"fas fa-user-edit\"><\/i> Pr\u00e9-Inscri\u00e7\u00e3o Online<\/a>\n<br>\n<br>\n<a href=\"https:\/\/www.paudalho.pe.gov.br\/portal\/wp-content\/uploads\/2019\/01\/Anexo-III-Sele\u00e7\u00e3o-P\u00fablica-Educa\u00e7\u00e3o.pdf\" target=\"_black\" class=\"btn btn-primary\" rel=\"noopener\"><i class=\"fas fa-cloud-download-alt\"><\/i> Fazer Download da Ficha de Inscri\u00e7\u00e3o<\/a>\n<br>\n<br>\n<a href=\"https:\/\/www.paudalho.pe.gov.br\/portal\/wp-content\/uploads\/2019\/01\/Edital-Sele\u00e7\u00e3o_SEDUC_Paudalho_2019.pdf\" target=\"_black\" class=\"btn btn-primary\" rel=\"noopener\"><i class=\"fas fa-tasks\"><\/i> Edital<\/a>\n<br><br>\n\n<a href=\"https:\/\/www.paudalho.pe.gov.br\/portal\/wp-content\/uploads\/2019\/01\/Ratifica\u00e7\u00e3o-01-Sele\u00e7\u00e3o-Simplificada.jpg\" target=\"_black\" class=\"btn btn-primary\" rel=\"noopener\"><i class=\"fas fa-tasks\"><\/i> Retifica\u00e7\u00e3o 01 &#8211; 28\/01\/2019<\/a>\n<br><br>\n\n\n<a href=\"https:\/\/wp.me\/a98mS2-1vg\" target=\"_black\" class=\"btn btn-primary\" rel=\"noopener\"><i class=\"fas fa-tasks\"><\/i> Retifica\u00e7\u00e3o 02 &#8211; 30\/01\/2019<\/a>\n\n<br><br>\n\n<a href=\"https:\/\/www.paudalho.pe.gov.br\/portal\/divulgado-o-resultado-preliminar-da-selecao-simplificada-publica-para-seduc-paudalho\/\" target=\"_black\" class=\"btn btn-primary\" rel=\"noopener\"><i class=\"fas fa-tasks\"><\/i>Resultado Preliminar<\/a>\n\n<br><br>\n\n<a href=\"https:\/\/www.paudalho.pe.gov.br\/portal\/wp-content\/uploads\/2019\/02\/SELETIVO-001-2019-LISTA-FINAL-SELE\u00c7AO-SIMPLIFICADA-15-02-2019.pdf\" target=\"_black\" class=\"btn btn-primary\" rel=\"noopener\"><i class=\"fas fa-tasks\"><\/i> RESULTADO FINAL<\/a>\n\n\n\n<p><\/p>\n","protected":false},"excerpt":{"rendered":"<p>Pr\u00e9-Inscri\u00e7\u00e3o Online Fazer Download da Ficha de Inscri\u00e7\u00e3o Edital Retifica\u00e7\u00e3o 01 &#8211; 28\/01\/2019 Retifica\u00e7\u00e3o 02 &#8211; 30\/01\/2019 Resultado Preliminar RESULTADO FINAL<\/p>\n","protected":false},"author":1,"featured_media":0,"parent":0,"menu_order":0,"comment_status":"closed","ping_status":"closed","template":"","meta":{"footnotes":""},"class_list":["post-5668","page","type-page","status-publish","hentry"],"jetpack_sharing_enabled":true,"jetpack_shortlink":"https:\/\/wp.me\/P98mS2-1tq","_links":{"self":[{"href":"https:\/\/www.paudalho.pe.gov.br\/portal\/wp-json\/wp\/v2\/pages\/5668","targetHints":{"allow":["GET"]}}],"collection":[{"href":"https:\/\/www.paudalho.pe.gov.br\/portal\/wp-json\/wp\/v2\/pages"}],"about":[{"href":"https:\/\/www.paudalho.pe.gov.br\/portal\/wp-json\/wp\/v2\/types\/page"}],"author":[{"embeddable":true,"href":"https:\/\/www.paudalho.pe.gov.br\/portal\/wp-json\/wp\/v2\/users\/1"}],"replies":[{"embeddable":true,"href":"https:\/\/www.paudalho.pe.gov.br\/portal\/wp-json\/wp\/v2\/comments?post=5668"}],"version-history":[{"count":14,"href":"https:\/\/www.paudalho.pe.gov.br\/portal\/wp-json\/wp\/v2\/pages\/5668\/revisions"}],"predecessor-version":[{"id":13839,"href":"https:\/\/www.paudalho.pe.gov.br\/portal\/wp-json\/wp\/v2\/pages\/5668\/revisions\/13839"}],"wp:attachment":[{"href":"https:\/\/www.paudalho.pe.gov.br\/portal\/wp-json\/wp\/v2\/media?parent=5668"}],"curies":[{"name":"wp","href":"https:\/\/api.w.org\/{rel}","templated":true}]}}