{"id":5643,"date":"2019-01-08T17:16:34","date_gmt":"2019-01-08T20:16:34","guid":{"rendered":"https:\/\/www.paudalho.pe.gov.br\/portal\/?page_id=5643"},"modified":"2019-01-28T19:54:25","modified_gmt":"2019-01-28T22:54:25","slug":"selecao-simplificada-pre-inscricao","status":"publish","type":"page","link":"https:\/\/www.paudalho.pe.gov.br\/portal\/selecao-simplificada-educacao\/selecao-simplificada-pre-inscricao\/","title":{"rendered":"Sele\u00e7\u00e3o Simplificada &#8211; Pr\u00e9-Inscri\u00e7\u00e3o"},"content":{"rendered":"\n<hr>\n<center><iframe loading=\"lazy\" src=\"https:\/\/docs.google.com\/forms\/d\/e\/1FAIpQLSfPcmsMEawQrfF3IMa1GGDMJnTYuKPMrBVn3dUpWkZ9tqHyHA\/viewform?embedded=true\" width=\"640\" height=\"2304\" frameborder=\"0\" marginheight=\"0\" marginwidth=\"0\">Carregando\u2026<\/iframe><\/center>\n\n\n\n<a href=\"https:\/\/www.paudalho.pe.gov.br\/portal\/wp-content\/uploads\/2019\/01\/Anexo-III-Sele\u00e7\u00e3o-P\u00fablica-Educa\u00e7\u00e3o.pdf\" target=\"_black\" class=\"btn btn-primary\"><i class=\"fas fa-cloud-download-alt\"><\/i> Fazer Download da Ficha de Inscri\u00e7\u00e3o<\/a>\n<br>\n<br>\n<a href=\"https:\/\/www.paudalho.pe.gov.br\/portal\/wp-content\/uploads\/2019\/01\/Edital-Sele\u00e7\u00e3o_SEDUC_Paudalho_2019.pdf\" target=\"_black\" class=\"btn btn-primary\"><i class=\"fas fa-tasks\"><\/i> Edital<\/a>\n","protected":false},"excerpt":{"rendered":"<p>Carregando\u2026 Fazer Download da Ficha de Inscri\u00e7\u00e3o Edital<\/p>\n","protected":false},"author":1,"featured_media":0,"parent":5668,"menu_order":0,"comment_status":"closed","ping_status":"closed","template":"","meta":{"footnotes":""},"class_list":["post-5643","page","type-page","status-publish","hentry"],"jetpack_sharing_enabled":true,"jetpack_shortlink":"https:\/\/wp.me\/P98mS2-1t1","_links":{"self":[{"href":"https:\/\/www.paudalho.pe.gov.br\/portal\/wp-json\/wp\/v2\/pages\/5643","targetHints":{"allow":["GET"]}}],"collection":[{"href":"https:\/\/www.paudalho.pe.gov.br\/portal\/wp-json\/wp\/v2\/pages"}],"about":[{"href":"https:\/\/www.paudalho.pe.gov.br\/portal\/wp-json\/wp\/v2\/types\/page"}],"author":[{"embeddable":true,"href":"https:\/\/www.paudalho.pe.gov.br\/portal\/wp-json\/wp\/v2\/users\/1"}],"replies":[{"embeddable":true,"href":"https:\/\/www.paudalho.pe.gov.br\/portal\/wp-json\/wp\/v2\/comments?post=5643"}],"version-history":[{"count":19,"href":"https:\/\/www.paudalho.pe.gov.br\/portal\/wp-json\/wp\/v2\/pages\/5643\/revisions"}],"predecessor-version":[{"id":5677,"href":"https:\/\/www.paudalho.pe.gov.br\/portal\/wp-json\/wp\/v2\/pages\/5643\/revisions\/5677"}],"up":[{"embeddable":true,"href":"https:\/\/www.paudalho.pe.gov.br\/portal\/wp-json\/wp\/v2\/pages\/5668"}],"wp:attachment":[{"href":"https:\/\/www.paudalho.pe.gov.br\/portal\/wp-json\/wp\/v2\/media?parent=5643"}],"curies":[{"name":"wp","href":"https:\/\/api.w.org\/{rel}","templated":true}]}}