{"id":54,"date":"2017-01-23T00:03:33","date_gmt":"2017-01-23T03:03:33","guid":{"rendered":"http:\/\/www.paudalho.pe.gov.br\/portal\/?page_id=54"},"modified":"2017-02-22T17:20:14","modified_gmt":"2017-02-22T20:20:14","slug":"hino","status":"publish","type":"page","link":"https:\/\/www.paudalho.pe.gov.br\/portal\/hino\/","title":{"rendered":"Hino"},"content":{"rendered":"<!--[if lt IE 9]><script>document.createElement('audio');<\/script><![endif]-->\n<audio class=\"wp-audio-shortcode\" id=\"audio-54-1\" preload=\"none\" style=\"width: 100%;\" controls=\"controls\"><source type=\"audio\/mpeg\" src=\"http:\/\/www.paudalho.pe.gov.br\/portal\/wp-content\/uploads\/Hino-oficial-de-Paudalho.mp3?_=1\" \/><a href=\"http:\/\/www.paudalho.pe.gov.br\/portal\/wp-content\/uploads\/Hino-oficial-de-Paudalho.mp3\">http:\/\/www.paudalho.pe.gov.br\/portal\/wp-content\/uploads\/Hino-oficial-de-Paudalho.mp3<\/a><\/audio>\n<blockquote><p>Paudalho linda flor da mata<br \/>\nsom da serenata que embalou Cecy.<br \/>\nPaudalho recanto ditoso<br \/>\nber\u00e7o glorioso do imortal Poti.<\/p>\n<p>Paudalho terra dos engenhos,<br \/>\ntem o c\u00e9us empenhos<br \/>\na te coroar.<br \/>\nPaudalho p\u00e1gina de gl\u00f3ria<br \/>\nque o livro da hist\u00f3ria<br \/>\nsabe embelezar.<\/p>\n<p>Ah na alma do teu povo<br \/>\num encanto sempre novo<br \/>\num requinte de bondade<br \/>\nque tuas portas v\u00e3o abrindo para \u00e0 hospitalidade.<\/p>\n<p>Paudalho linda flor da mata<br \/>\nsom da serenata que embalou Cecy.<br \/>\nPaudalho recanto ditoso<br \/>\nber\u00e7o glorioso do imortal Poti.<\/p><\/blockquote>\n<p style=\"text-align: right;\"><strong><a href=\"http:\/\/www.paudalho.pe.gov.br\/portal\/wp-content\/uploads\/Hino-oficial-de-Paudalho.mp3\" target=\"_blank\">Baixar Hino<\/a><\/strong><\/p>\n","protected":false},"excerpt":{"rendered":"<p>Paudalho linda flor da mata som da serenata que embalou Cecy. Paudalho recanto ditoso ber\u00e7o glorioso do imortal Poti. Paudalho terra dos engenhos, tem o c\u00e9us empenhos a te coroar. Paudalho p\u00e1gina de gl\u00f3ria que o livro da hist\u00f3ria sabe embelezar. Ah na alma do teu povo um encanto sempre novo um requinte de bondade [&hellip;]<\/p>\n","protected":false},"author":1,"featured_media":0,"parent":0,"menu_order":0,"comment_status":"closed","ping_status":"closed","template":"","meta":{"footnotes":""},"class_list":["post-54","page","type-page","status-publish","hentry"],"jetpack_sharing_enabled":true,"jetpack_shortlink":"https:\/\/wp.me\/P98mS2-S","_links":{"self":[{"href":"https:\/\/www.paudalho.pe.gov.br\/portal\/wp-json\/wp\/v2\/pages\/54","targetHints":{"allow":["GET"]}}],"collection":[{"href":"https:\/\/www.paudalho.pe.gov.br\/portal\/wp-json\/wp\/v2\/pages"}],"about":[{"href":"https:\/\/www.paudalho.pe.gov.br\/portal\/wp-json\/wp\/v2\/types\/page"}],"author":[{"embeddable":true,"href":"https:\/\/www.paudalho.pe.gov.br\/portal\/wp-json\/wp\/v2\/users\/1"}],"replies":[{"embeddable":true,"href":"https:\/\/www.paudalho.pe.gov.br\/portal\/wp-json\/wp\/v2\/comments?post=54"}],"version-history":[{"count":4,"href":"https:\/\/www.paudalho.pe.gov.br\/portal\/wp-json\/wp\/v2\/pages\/54\/revisions"}],"predecessor-version":[{"id":141,"href":"https:\/\/www.paudalho.pe.gov.br\/portal\/wp-json\/wp\/v2\/pages\/54\/revisions\/141"}],"wp:attachment":[{"href":"https:\/\/www.paudalho.pe.gov.br\/portal\/wp-json\/wp\/v2\/media?parent=54"}],"curies":[{"name":"wp","href":"https:\/\/api.w.org\/{rel}","templated":true}]}}