{"id":52,"date":"2017-01-23T00:03:03","date_gmt":"2017-01-23T03:03:03","guid":{"rendered":"http:\/\/www.paudalho.pe.gov.br\/portal\/?page_id=52"},"modified":"2017-05-21T21:02:10","modified_gmt":"2017-05-22T00:02:10","slug":"historia","status":"publish","type":"page","link":"https:\/\/www.paudalho.pe.gov.br\/portal\/historia\/","title":{"rendered":"Hist\u00f3ria de Paudalho"},"content":{"rendered":"<div id=\"content\" class=\"clearfix\">\n<div id=\"left-area\">\n<div class=\"entry post clearfix\">\n<p style=\"text-align: justify;\">No final do s\u00e9culo XVII, foi fundada pelos franciscanos um aldeiamento de \u00edndios, cerca de duas l\u00e9guas do Rio Capibaribe.<br \/>\nEste aldeiamento foi denominado MIRITIBA. Palavra de origem da l\u00edngua TUPI, que significa juncal ( Mbiri-tyba ). Nesse lugar nasceu o conhecido \u00edndio poty, o famoso Dom Felipe Camar\u00e3o, que tornaria celebre na restaura\u00e7\u00e3o Pernambucana. Nas terras da primitiva aldeia indigena, edificou-se o engenho que ficou conhecido pelo nome de Engenho Aldeia.<\/p>\n<p style=\"text-align: justify;\">Na segunda metade do s\u00e9culo XVIII diversos engenhos foram se instalando nos arredores como o Engenho Bom Sucesso, erguido a margem direita do Rio Capibaribe e a esquerda ergueu-se pelo portugu\u00eas Joaquim Domingos Teles a capela Santa Tereza de Jesus a quem tinha como grande devo\u00e7\u00e3o.<\/p>\n<p style=\"text-align: justify;\">Com a constru\u00e7\u00e3o de um engenho de a\u00e7\u00facar em 1627 passou a chamar-se Engenho Aldeia. Com o crescimento do povoado se fundou Paud\u2019alho, em seguida Paudalho, por fun\u00e7\u00e3o de uma \u00e1rvore que exalta odor semelhante ao alho, \u00e1rvore secular a margem direita do Rio Capibaribe.<\/p>\n<p style=\"text-align: justify;\"><strong>Ao norte:<\/strong> Tracunha\u00e9m<br \/>\n<strong>Ao leste:<\/strong> Abreu e Lima, Paulista<br \/>\n<strong>Ao Sul:<\/strong> Camaragibe, S\u00e3o Louren\u00e7o da Mata, Ch\u00e3 de alegria e Gl\u00f3ria do Goit\u00e1<br \/>\n<strong>Ao oeste:<\/strong> Lagoa de Itaenga e Carpina<\/p>\n<p>42\u00b0\u00a0Marcello Fuchs Campos Gouveia \u00a0(2017 \u2013\u00a02020)<\/p>\n<\/div>\n<\/div>\n<\/div>\n","protected":false},"excerpt":{"rendered":"<p>No final do s\u00e9culo XVII, foi fundada pelos franciscanos um aldeiamento de \u00edndios, cerca de duas l\u00e9guas do Rio Capibaribe. Este aldeiamento foi denominado MIRITIBA. Palavra de origem da l\u00edngua TUPI, que significa juncal ( Mbiri-tyba ). Nesse lugar nasceu o conhecido \u00edndio poty, o famoso Dom Felipe Camar\u00e3o, que tornaria celebre na restaura\u00e7\u00e3o Pernambucana. [&hellip;]<\/p>\n","protected":false},"author":1,"featured_media":0,"parent":0,"menu_order":0,"comment_status":"closed","ping_status":"closed","template":"","meta":{"footnotes":""},"class_list":["post-52","page","type-page","status-publish","hentry"],"jetpack_sharing_enabled":true,"jetpack_shortlink":"https:\/\/wp.me\/P98mS2-Q","_links":{"self":[{"href":"https:\/\/www.paudalho.pe.gov.br\/portal\/wp-json\/wp\/v2\/pages\/52","targetHints":{"allow":["GET"]}}],"collection":[{"href":"https:\/\/www.paudalho.pe.gov.br\/portal\/wp-json\/wp\/v2\/pages"}],"about":[{"href":"https:\/\/www.paudalho.pe.gov.br\/portal\/wp-json\/wp\/v2\/types\/page"}],"author":[{"embeddable":true,"href":"https:\/\/www.paudalho.pe.gov.br\/portal\/wp-json\/wp\/v2\/users\/1"}],"replies":[{"embeddable":true,"href":"https:\/\/www.paudalho.pe.gov.br\/portal\/wp-json\/wp\/v2\/comments?post=52"}],"version-history":[{"count":4,"href":"https:\/\/www.paudalho.pe.gov.br\/portal\/wp-json\/wp\/v2\/pages\/52\/revisions"}],"predecessor-version":[{"id":244,"href":"https:\/\/www.paudalho.pe.gov.br\/portal\/wp-json\/wp\/v2\/pages\/52\/revisions\/244"}],"wp:attachment":[{"href":"https:\/\/www.paudalho.pe.gov.br\/portal\/wp-json\/wp\/v2\/media?parent=52"}],"curies":[{"name":"wp","href":"https:\/\/api.w.org\/{rel}","templated":true}]}}