{"id":33872,"date":"2024-06-29T14:30:50","date_gmt":"2024-06-29T17:30:50","guid":{"rendered":"https:\/\/www.paudalho.pe.gov.br\/portal\/?page_id=33872"},"modified":"2024-06-29T14:30:54","modified_gmt":"2024-06-29T17:30:54","slug":"mapa-do-site","status":"publish","type":"page","link":"https:\/\/www.paudalho.pe.gov.br\/portal\/mapa-do-site\/","title":{"rendered":"Mapa do site"},"content":{"rendered":"<ul class=\"wp-block-page-list\"><li class=\"wp-block-pages-list__item\"><a class=\"wp-block-pages-list__item__link\" href=\"https:\/\/www.paudalho.pe.gov.br\/portal\/a-prefeita\/\">A Prefeita<\/a><\/li><li class=\"wp-block-pages-list__item has-child\"><a class=\"wp-block-pages-list__item__link\" href=\"https:\/\/www.paudalho.pe.gov.br\/portal\/a-prefeitura\/\">A Prefeitura<\/a><ul class=\"wp-block-navigation__submenu-container\"><li class=\"wp-block-pages-list__item \"><a class=\"wp-block-pages-list__item__link\" href=\"https:\/\/www.paudalho.pe.gov.br\/portal\/a-prefeitura\/contracheque-online\/\">Contracheque Online<\/a><\/li><li class=\"wp-block-pages-list__item \"><a class=\"wp-block-pages-list__item__link\" href=\"https:\/\/www.paudalho.pe.gov.br\/portal\/a-prefeitura\/estrutura-organizacional\/\">Estrutura Organizacional<\/a><\/li><li class=\"wp-block-pages-list__item \"><a class=\"wp-block-pages-list__item__link\" href=\"https:\/\/www.paudalho.pe.gov.br\/portal\/a-prefeitura\/vice-prefeito\/\">O Vice Prefeito<\/a><\/li><li class=\"wp-block-pages-list__item \"><a class=\"wp-block-pages-list__item__link\" href=\"https:\/\/www.paudalho.pe.gov.br\/portal\/a-prefeitura\/ouvidoria\/\">Ouvidoria<\/a><\/li><li class=\"wp-block-pages-list__item \"><a class=\"wp-block-pages-list__item__link\" href=\"https:\/\/www.paudalho.pe.gov.br\/portal\/a-prefeitura\/agenda-do-prefeito\/\">Agenda do Prefeito<\/a><\/li><\/ul><\/li><li class=\"wp-block-pages-list__item\"><a class=\"wp-block-pages-list__item__link\" href=\"https:\/\/www.paudalho.pe.gov.br\/portal\/attp\/\">ATTP<\/a><\/li><li class=\"wp-block-pages-list__item\"><a class=\"wp-block-pages-list__item__link\" href=\"https:\/\/www.paudalho.pe.gov.br\/portal\/carta-de-servicos\/\">Carta de Servi\u00e7os<\/a><\/li><li class=\"wp-block-pages-list__item\"><a class=\"wp-block-pages-list__item__link\" href=\"https:\/\/www.paudalho.pe.gov.br\/portal\/covid-19\/\">COVID-19<\/a><\/li><li class=\"wp-block-pages-list__item\"><a class=\"wp-block-pages-list__item__link\" href=\"https:\/\/www.paudalho.pe.gov.br\/portal\/faq\/\">Faq<\/a><\/li><li class=\"wp-block-pages-list__item\"><a class=\"wp-block-pages-list__item__link\" href=\"https:\/\/www.paudalho.pe.gov.br\/portal\/galeria-de-fotos\/\">Galeria de Fotos<\/a><\/li><li class=\"wp-block-pages-list__item\"><a class=\"wp-block-pages-list__item__link\" href=\"https:\/\/www.paudalho.pe.gov.br\/portal\/hino\/\">Hino<\/a><\/li><li class=\"wp-block-pages-list__item\"><a class=\"wp-block-pages-list__item__link\" href=\"https:\/\/www.paudalho.pe.gov.br\/portal\/historia\/\">Hist\u00f3ria de Paudalho<\/a><\/li><li class=\"wp-block-pages-list__item\"><a class=\"wp-block-pages-list__item__link\" href=\"https:\/\/www.paudalho.pe.gov.br\/portal\/lista-de-servicos-digitais\/\">Lista de Servi\u00e7os Digitais<\/a><\/li><li class=\"wp-block-pages-list__item\"><a class=\"wp-block-pages-list__item__link\" href=\"https:\/\/www.paudalho.pe.gov.br\/portal\/mapa-do-site\/\">Mapa do site<\/a><\/li><li class=\"wp-block-pages-list__item\"><a class=\"wp-block-pages-list__item__link\" href=\"https:\/\/www.paudalho.pe.gov.br\/portal\/mesa-permanente-de-negociacao-de-debitos\/\">Mesa Permanente de Negocia\u00e7\u00e3o de D\u00e9bitos<\/a><\/li><li class=\"wp-block-pages-list__item\"><a class=\"wp-block-pages-list__item__link\" href=\"https:\/\/www.paudalho.pe.gov.br\/portal\/portal-da-transparencia\/\">Portal da Transpar\u00eancia<\/a><\/li><li class=\"wp-block-pages-list__item\"><a class=\"wp-block-pages-list__item__link\" href=\"https:\/\/www.paudalho.pe.gov.br\/portal\/resultado-de-exames\/\">Resultado de exames<\/a><\/li><li class=\"wp-block-pages-list__item\"><a class=\"wp-block-pages-list__item__link\" href=\"https:\/\/www.paudalho.pe.gov.br\/portal\/resultado-selecao-2021\/\">Resultado Sele\u00e7\u00e3o 2021<\/a><\/li><li class=\"wp-block-pages-list__item has-child\"><a class=\"wp-block-pages-list__item__link\" href=\"https:\/\/www.paudalho.pe.gov.br\/portal\/selecao-simplificada-educacao\/\">Sele\u00e7\u00e3o Simplificada &#8211; Educa\u00e7\u00e3o 2020<\/a><ul class=\"wp-block-navigation__submenu-container\"><li class=\"wp-block-pages-list__item \"><a class=\"wp-block-pages-list__item__link\" href=\"https:\/\/www.paudalho.pe.gov.br\/portal\/selecao-simplificada-educacao\/selecao-simplificada-pre-inscricao\/\">Sele\u00e7\u00e3o Simplificada &#8211; Pr\u00e9-Inscri\u00e7\u00e3o<\/a><\/li><\/ul><\/li><li class=\"wp-block-pages-list__item\"><a class=\"wp-block-pages-list__item__link\" href=\"https:\/\/www.paudalho.pe.gov.br\/portal\/pontos-turisticos\/\">Turismo<\/a><\/li><\/ul>","protected":false},"excerpt":{"rendered":"","protected":false},"author":1,"featured_media":0,"parent":0,"menu_order":0,"comment_status":"closed","ping_status":"closed","template":"","meta":{"footnotes":""},"class_list":["post-33872","page","type-page","status-publish","hentry"],"jetpack_sharing_enabled":true,"jetpack_shortlink":"https:\/\/wp.me\/P98mS2-8Ok","_links":{"self":[{"href":"https:\/\/www.paudalho.pe.gov.br\/portal\/wp-json\/wp\/v2\/pages\/33872","targetHints":{"allow":["GET"]}}],"collection":[{"href":"https:\/\/www.paudalho.pe.gov.br\/portal\/wp-json\/wp\/v2\/pages"}],"about":[{"href":"https:\/\/www.paudalho.pe.gov.br\/portal\/wp-json\/wp\/v2\/types\/page"}],"author":[{"embeddable":true,"href":"https:\/\/www.paudalho.pe.gov.br\/portal\/wp-json\/wp\/v2\/users\/1"}],"replies":[{"embeddable":true,"href":"https:\/\/www.paudalho.pe.gov.br\/portal\/wp-json\/wp\/v2\/comments?post=33872"}],"version-history":[{"count":1,"href":"https:\/\/www.paudalho.pe.gov.br\/portal\/wp-json\/wp\/v2\/pages\/33872\/revisions"}],"predecessor-version":[{"id":33873,"href":"https:\/\/www.paudalho.pe.gov.br\/portal\/wp-json\/wp\/v2\/pages\/33872\/revisions\/33873"}],"wp:attachment":[{"href":"https:\/\/www.paudalho.pe.gov.br\/portal\/wp-json\/wp\/v2\/media?parent=33872"}],"curies":[{"name":"wp","href":"https:\/\/api.w.org\/{rel}","templated":true}]}}