{"id":33158,"date":"2024-06-04T12:42:04","date_gmt":"2024-06-04T15:42:04","guid":{"rendered":"https:\/\/www.paudalho.pe.gov.br\/portal\/?page_id=33158"},"modified":"2024-06-04T12:42:55","modified_gmt":"2024-06-04T15:42:55","slug":"resultado-de-exames","status":"publish","type":"page","link":"https:\/\/www.paudalho.pe.gov.br\/portal\/resultado-de-exames\/","title":{"rendered":"Resultado de exames"},"content":{"rendered":"\n<p>Escolha uma op\u00e7\u00e3o abaixo: <\/p>\n\n\n\n<div style=\"height:53px\" aria-hidden=\"true\" class=\"wp-block-spacer\"><\/div>\n\n\n\n<p><a href=\"http:\/\/www.examepronto.com.br\" target=\"_blank\" rel=\"noreferrer noopener\">Resultados at\u00e9 26\/04\/2024<\/a><\/p>\n\n\n\n<p><a href=\"https:\/\/wlabpe.com.br\/examepronto\/exames-paudalho\" target=\"_blank\" rel=\"noreferrer noopener\"><strong>Resultados a partir de 27\/04\/2024 em diante (NOVO)<\/strong><\/a><\/p>\n\n\n\n<div style=\"height:126px\" aria-hidden=\"true\" class=\"wp-block-spacer\"><\/div>\n","protected":false},"excerpt":{"rendered":"<p>Escolha uma op\u00e7\u00e3o abaixo: Resultados at\u00e9 26\/04\/2024 Resultados a partir de 27\/04\/2024 em diante (NOVO)<\/p>\n","protected":false},"author":1,"featured_media":0,"parent":0,"menu_order":0,"comment_status":"closed","ping_status":"closed","template":"","meta":{"footnotes":""},"class_list":["post-33158","page","type-page","status-publish","hentry"],"jetpack_sharing_enabled":true,"jetpack_shortlink":"https:\/\/wp.me\/P98mS2-8CO","_links":{"self":[{"href":"https:\/\/www.paudalho.pe.gov.br\/portal\/wp-json\/wp\/v2\/pages\/33158","targetHints":{"allow":["GET"]}}],"collection":[{"href":"https:\/\/www.paudalho.pe.gov.br\/portal\/wp-json\/wp\/v2\/pages"}],"about":[{"href":"https:\/\/www.paudalho.pe.gov.br\/portal\/wp-json\/wp\/v2\/types\/page"}],"author":[{"embeddable":true,"href":"https:\/\/www.paudalho.pe.gov.br\/portal\/wp-json\/wp\/v2\/users\/1"}],"replies":[{"embeddable":true,"href":"https:\/\/www.paudalho.pe.gov.br\/portal\/wp-json\/wp\/v2\/comments?post=33158"}],"version-history":[{"count":3,"href":"https:\/\/www.paudalho.pe.gov.br\/portal\/wp-json\/wp\/v2\/pages\/33158\/revisions"}],"predecessor-version":[{"id":33161,"href":"https:\/\/www.paudalho.pe.gov.br\/portal\/wp-json\/wp\/v2\/pages\/33158\/revisions\/33161"}],"wp:attachment":[{"href":"https:\/\/www.paudalho.pe.gov.br\/portal\/wp-json\/wp\/v2\/media?parent=33158"}],"curies":[{"name":"wp","href":"https:\/\/api.w.org\/{rel}","templated":true}]}}