{"id":13841,"date":"2021-02-05T11:39:18","date_gmt":"2021-02-05T14:39:18","guid":{"rendered":"https:\/\/www.paudalho.pe.gov.br\/portal\/?page_id=13841"},"modified":"2021-02-19T12:05:04","modified_gmt":"2021-02-19T15:05:04","slug":"resultado-selecao-2021","status":"publish","type":"page","link":"https:\/\/www.paudalho.pe.gov.br\/portal\/resultado-selecao-2021\/","title":{"rendered":"Resultado Sele\u00e7\u00e3o 2021"},"content":{"rendered":"\nConsulte o resultado com detalhamento utilizando seu CPF ou RG. \n<br><br>\n<a href=\"https:\/\/selecaosaude.sytes.net\/saude.jsf\" target=\"_black\" class=\"btn btn-primary\" rel=\"noopener\"><i class=\"fas fa-search\"><\/i> Sa\u00fade &#8211; Consultar Resultado<\/a>\n<br><br>\n<a href=\"https:\/\/selecaoassistencia.sytes.net\/assistencia.jsf\" target=\"_black\" class=\"btn btn-primary\" rel=\"noopener\"><i class=\"fas fa-search\"><\/i> Assist\u00eancia &#8211; Consultar Resultado<\/a>\n<br><br>\n<a href=\"https:\/\/seduc.paudalho.pe.gov.br\/resultado.jsf\" target=\"_black\" class=\"btn btn-primary\" rel=\"noopener\"><i class=\"fas fa-search\"><\/i> Educa\u00e7\u00e3o &#8211; Consultar Resultado<\/a>\n<br><br>\n\n\n\n<div class=\"wp-block-file\"><a href=\"https:\/\/www.paudalho.pe.gov.br\/portal\/wp-content\/uploads\/2021\/02\/ERRATA-RESP-PRORROGAC\u0327A\u0303O-1.pdf\" target=\"_blank\" rel=\"noreferrer noopener\">ERRATA RESP PRORROGAC\u0327A\u0303O <\/a><a href=\"https:\/\/www.paudalho.pe.gov.br\/portal\/wp-content\/uploads\/2021\/02\/ERRATA-RESP-PRORROGAC\u0327A\u0303O-1.pdf\" class=\"wp-block-file__button\" download>Baixar<\/a><\/div>\n\n\n\n<div class=\"wp-block-file\"><a href=\"https:\/\/www.paudalho.pe.gov.br\/portal\/wp-content\/uploads\/2021\/02\/ERRATA-SEDAS.pdf\">ERRATA REVIS\u00c3O &#8211; SECRETARIA MUNICIPAL DE DESENVOLVIMENTO E ASSIST\u00caNCIA SOCIAL &#8211; EDITAL 001\/2021<\/a><a href=\"https:\/\/www.paudalho.pe.gov.br\/portal\/wp-content\/uploads\/2021\/02\/ERRATA-SEDAS.pdf\" class=\"wp-block-file__button\" download>Baixar<\/a><\/div>\n\n\n\n<h3 class=\"wp-block-heading\"><strong>Secretaria de Educa\u00e7\u00e3o<\/strong><\/h3>\n\n\n\n<div class=\"wp-block-file\"><a href=\"https:\/\/www.paudalho.pe.gov.br\/portal\/wp-content\/uploads\/2021\/02\/EDITAL-01-2020_SEDUC_PROFESSORES_RESULTADO-PRELIMINAR-2.pdf\" target=\"_blank\" rel=\"noreferrer noopener\">RELA\u00c7\u00c3O PRELIMINAR &#8211; PROFESSORES<\/a><a href=\"https:\/\/www.paudalho.pe.gov.br\/portal\/wp-content\/uploads\/2021\/02\/EDITAL-01-2020_SEDUC_PROFESSORES_RESULTADO-PRELIMINAR-2.pdf\" class=\"wp-block-file__button\" download>Baixar<\/a><\/div>\n\n\n\n<div class=\"wp-block-file\"><a href=\"https:\/\/www.paudalho.pe.gov.br\/portal\/wp-content\/uploads\/2021\/02\/EDITAL-02-2020_SEDUC_TE\u0301CNICOS_RESULTADO-PRELIMINAR.pdf\" target=\"_blank\" rel=\"noreferrer noopener\">RELA\u00c7\u00c3O PRELIMINAR &#8211; ADMINISTRATIVO<\/a><a href=\"https:\/\/www.paudalho.pe.gov.br\/portal\/wp-content\/uploads\/2021\/02\/EDITAL-02-2020_SEDUC_TE\u0301CNICOS_RESULTADO-PRELIMINAR.pdf\" class=\"wp-block-file__button\" download>Baixar<\/a><\/div>\n\n\n\n<h3 class=\"wp-block-heading\"><strong>Secretaria de Sa\u00fade<\/strong><\/h3>\n\n\n\n<div class=\"wp-block-file\"><a href=\"https:\/\/www.paudalho.pe.gov.br\/portal\/wp-content\/uploads\/2021\/02\/RELAC\u0327A\u0303O-NIVEL-SUPERIOR-PDF.pdf\" target=\"_blank\" rel=\"noreferrer noopener\">RELA\u00c7\u00c3O PRELIMINAR &#8211; NIVEL SUPERIOR<\/a><a href=\"https:\/\/www.paudalho.pe.gov.br\/portal\/wp-content\/uploads\/2021\/02\/RELAC\u0327A\u0303O-NIVEL-SUPERIOR-PDF.pdf\" class=\"wp-block-file__button\" download>Baixar<\/a><\/div>\n\n\n\n<div class=\"wp-block-file\"><a href=\"https:\/\/www.paudalho.pe.gov.br\/portal\/wp-content\/uploads\/2021\/02\/RELAC\u0327A\u0303O-NIVEL-TE\u0301CNICO-PDF.pdf\" target=\"_blank\" rel=\"noreferrer noopener\">RELA\u00c7\u00c3O PRELIMINAR &#8211; NIVEL TE\u0301CNICO<\/a><a href=\"https:\/\/www.paudalho.pe.gov.br\/portal\/wp-content\/uploads\/2021\/02\/RELAC\u0327A\u0303O-NIVEL-TE\u0301CNICO-PDF.pdf\" class=\"wp-block-file__button\" download>Baixar<\/a><\/div>\n\n\n\n<div class=\"wp-block-file\"><a href=\"https:\/\/www.paudalho.pe.gov.br\/portal\/wp-content\/uploads\/2021\/02\/RELAC\u0327A\u0303O-NIVEL-MEDIO-E-ELEMENTAR-PDF-1.pdf\" target=\"_blank\" rel=\"noreferrer noopener\">RELA\u00c7\u00c3O PRELIMINAR &#8211;  NIVEL MEDIO E ELEMENTAR<\/a><a href=\"https:\/\/www.paudalho.pe.gov.br\/portal\/wp-content\/uploads\/2021\/02\/RELAC\u0327A\u0303O-NIVEL-MEDIO-E-ELEMENTAR-PDF-1.pdf\" class=\"wp-block-file__button\" download>Baixar<\/a><\/div>\n\n\n\n<p><\/p>\n\n\n\n<h3 class=\"wp-block-heading\"><strong>Secretaria de Assist\u00eancia Social<\/strong><\/h3>\n\n\n\n<div class=\"wp-block-file\"><a href=\"https:\/\/www.paudalho.pe.gov.br\/portal\/wp-content\/uploads\/2021\/02\/RELAC\u0327A\u0303O-SELEC\u0327A\u0303O-PU\u0301BLICA-2021-PDF-ADVOGADO.pdf\" target=\"_blank\" rel=\"noreferrer noopener\">RELAC\u0327A\u0303O SELEC\u0327A\u0303O PU\u0301BLICA 2021 PDF ADVOGADO<\/a><a href=\"https:\/\/www.paudalho.pe.gov.br\/portal\/wp-content\/uploads\/2021\/02\/RELAC\u0327A\u0303O-SELEC\u0327A\u0303O-PU\u0301BLICA-2021-PDF-ADVOGADO.pdf\" class=\"wp-block-file__button\" download>Baixar<\/a><\/div>\n\n\n\n<div class=\"wp-block-file\"><a href=\"https:\/\/www.paudalho.pe.gov.br\/portal\/wp-content\/uploads\/2021\/02\/RELAC\u0327A\u0303O-SELEC\u0327A\u0303O-PU\u0301BLICA-2021-PDF-ASSISTENTE-SOCIAL.pdf\" target=\"_blank\" rel=\"noreferrer noopener\">RELAC\u0327A\u0303O SELEC\u0327A\u0303O PU\u0301BLICA 2021 PDF ASSISTENTE SOCIAL<\/a><a href=\"https:\/\/www.paudalho.pe.gov.br\/portal\/wp-content\/uploads\/2021\/02\/RELAC\u0327A\u0303O-SELEC\u0327A\u0303O-PU\u0301BLICA-2021-PDF-ASSISTENTE-SOCIAL.pdf\" class=\"wp-block-file__button\" download>Baixar<\/a><\/div>\n\n\n\n<div class=\"wp-block-file\"><a href=\"https:\/\/www.paudalho.pe.gov.br\/portal\/wp-content\/uploads\/2021\/02\/RELAC\u0327A\u0303O-SELEC\u0327A\u0303O-PU\u0301BLICA-2021-PDF-ATENDENTE.pdf\">RELAC\u0327A\u0303O SELEC\u0327A\u0303O PU\u0301BLICA 2021 PDF ATENDENTE<\/a><a href=\"https:\/\/www.paudalho.pe.gov.br\/portal\/wp-content\/uploads\/2021\/02\/RELAC\u0327A\u0303O-SELEC\u0327A\u0303O-PU\u0301BLICA-2021-PDF-ATENDENTE.pdf\" class=\"wp-block-file__button\" download>Baixar<\/a><\/div>\n\n\n\n<div class=\"wp-block-file\"><a href=\"https:\/\/www.paudalho.pe.gov.br\/portal\/wp-content\/uploads\/2021\/02\/RELAC\u0327A\u0303O-SELEC\u0327A\u0303O-PU\u0301BLICA-2021-PDF-AUXILIAR-ADMINISTRATIVO.pdf\" target=\"_blank\" rel=\"noreferrer noopener\">RELAC\u0327A\u0303O SELEC\u0327A\u0303O PU\u0301BLICA 2021 PDF AUXILIAR ADMINISTRATIVO<\/a><a href=\"https:\/\/www.paudalho.pe.gov.br\/portal\/wp-content\/uploads\/2021\/02\/RELAC\u0327A\u0303O-SELEC\u0327A\u0303O-PU\u0301BLICA-2021-PDF-AUXILIAR-ADMINISTRATIVO.pdf\" class=\"wp-block-file__button\" download>Baixar<\/a><\/div>\n\n\n\n<div class=\"wp-block-file\"><a href=\"https:\/\/www.paudalho.pe.gov.br\/portal\/wp-content\/uploads\/2021\/02\/RELAC\u0327A\u0303O-SELEC\u0327A\u0303O-PU\u0301BLICA-2021-PDF-AUXILIAR-SERVIC\u0327OS-GERAIS.pdf\" target=\"_blank\" rel=\"noreferrer noopener\">RELAC\u0327A\u0303O SELEC\u0327A\u0303O PU\u0301BLICA 2021 PDF AUXILIAR SERVIC\u0327OS GERAIS<\/a><a href=\"https:\/\/www.paudalho.pe.gov.br\/portal\/wp-content\/uploads\/2021\/02\/RELAC\u0327A\u0303O-SELEC\u0327A\u0303O-PU\u0301BLICA-2021-PDF-AUXILIAR-SERVIC\u0327OS-GERAIS.pdf\" class=\"wp-block-file__button\" download>Baixar<\/a><\/div>\n\n\n\n<div class=\"wp-block-file\"><a href=\"https:\/\/www.paudalho.pe.gov.br\/portal\/wp-content\/uploads\/2021\/02\/RELAC\u0327A\u0303O-SELEC\u0327A\u0303O-PU\u0301BLICA-2021-PDF-COZINHEIRO.pdf\" target=\"_blank\" rel=\"noreferrer noopener\">RELAC\u0327A\u0303O SELEC\u0327A\u0303O PU\u0301BLICA 2021 PDF COZINHEIRO<\/a><a href=\"https:\/\/www.paudalho.pe.gov.br\/portal\/wp-content\/uploads\/2021\/02\/RELAC\u0327A\u0303O-SELEC\u0327A\u0303O-PU\u0301BLICA-2021-PDF-COZINHEIRO.pdf\" class=\"wp-block-file__button\" download>Baixar<\/a><\/div>\n\n\n\n<div class=\"wp-block-file\"><a href=\"https:\/\/www.paudalho.pe.gov.br\/portal\/wp-content\/uploads\/2021\/02\/RELAC\u0327A\u0303O-SELEC\u0327A\u0303O-PU\u0301BLICA-2021-PDF-DIGITADOR.pdf\" target=\"_blank\" rel=\"noreferrer noopener\">RELAC\u0327A\u0303O SELEC\u0327A\u0303O PU\u0301BLICA 2021 PDF DIGITADOR<\/a><a href=\"https:\/\/www.paudalho.pe.gov.br\/portal\/wp-content\/uploads\/2021\/02\/RELAC\u0327A\u0303O-SELEC\u0327A\u0303O-PU\u0301BLICA-2021-PDF-DIGITADOR.pdf\" class=\"wp-block-file__button\" download>Baixar<\/a><\/div>\n\n\n\n<div class=\"wp-block-file\"><a href=\"https:\/\/www.paudalho.pe.gov.br\/portal\/wp-content\/uploads\/2021\/02\/RELAC\u0327A\u0303O-SELEC\u0327A\u0303O-PU\u0301BLICA-2021-PDF-ENTREVISTADOR.pdf\" target=\"_blank\" rel=\"noreferrer noopener\">RELAC\u0327A\u0303O SELEC\u0327A\u0303O PU\u0301BLICA 2021 PDF ENTREVISTADOR<\/a><a href=\"https:\/\/www.paudalho.pe.gov.br\/portal\/wp-content\/uploads\/2021\/02\/RELAC\u0327A\u0303O-SELEC\u0327A\u0303O-PU\u0301BLICA-2021-PDF-ENTREVISTADOR.pdf\" class=\"wp-block-file__button\" download>Baixar<\/a><\/div>\n\n\n\n<div class=\"wp-block-file\"><a href=\"https:\/\/www.paudalho.pe.gov.br\/portal\/wp-content\/uploads\/2021\/02\/RELAC\u0327A\u0303O-SELEC\u0327A\u0303O-PU\u0301BLICA-2021-PDF-MOTORISTA-CATEGORIA-B.pdf\" target=\"_blank\" rel=\"noreferrer noopener\">RELAC\u0327A\u0303O SELEC\u0327A\u0303O PU\u0301BLICA 2021 PDF MOTORISTA CATEGORIA B<\/a><a href=\"https:\/\/www.paudalho.pe.gov.br\/portal\/wp-content\/uploads\/2021\/02\/RELAC\u0327A\u0303O-SELEC\u0327A\u0303O-PU\u0301BLICA-2021-PDF-MOTORISTA-CATEGORIA-B.pdf\" class=\"wp-block-file__button\" download>Baixar<\/a><\/div>\n\n\n\n<div class=\"wp-block-file\"><a href=\"https:\/\/www.paudalho.pe.gov.br\/portal\/wp-content\/uploads\/2021\/02\/RELAC\u0327A\u0303O-SELEC\u0327A\u0303O-PU\u0301BLICA-2021-PDF-MOTORISTA-CATEGORIA-D.pdf\" target=\"_blank\" rel=\"noreferrer noopener\">RELAC\u0327A\u0303O SELEC\u0327A\u0303O PU\u0301BLICA 2021 PDF MOTORISTA CATEGORIA D<\/a><a href=\"https:\/\/www.paudalho.pe.gov.br\/portal\/wp-content\/uploads\/2021\/02\/RELAC\u0327A\u0303O-SELEC\u0327A\u0303O-PU\u0301BLICA-2021-PDF-MOTORISTA-CATEGORIA-D.pdf\" class=\"wp-block-file__button\" download>Baixar<\/a><\/div>\n\n\n\n<div class=\"wp-block-file\"><a href=\"https:\/\/www.paudalho.pe.gov.br\/portal\/wp-content\/uploads\/2021\/02\/RELAC\u0327A\u0303O-SELEC\u0327A\u0303O-PU\u0301BLICA-2021-PDF-NUTRICIONISTA.pdf\" target=\"_blank\" rel=\"noreferrer noopener\">RELAC\u0327A\u0303O SELEC\u0327A\u0303O PU\u0301BLICA 2021 PDF NUTRICIONISTA<\/a><a href=\"https:\/\/www.paudalho.pe.gov.br\/portal\/wp-content\/uploads\/2021\/02\/RELAC\u0327A\u0303O-SELEC\u0327A\u0303O-PU\u0301BLICA-2021-PDF-NUTRICIONISTA.pdf\" class=\"wp-block-file__button\" download>Baixar<\/a><\/div>\n\n\n\n<div class=\"wp-block-file\"><a href=\"https:\/\/www.paudalho.pe.gov.br\/portal\/wp-content\/uploads\/2021\/02\/RELAC\u0327A\u0303O-SELEC\u0327A\u0303O-PU\u0301BLICA-2021-PDF-OFICINEIRO-ARTES-MARCIAIS.pdf\" target=\"_blank\" rel=\"noreferrer noopener\">RELAC\u0327A\u0303O SELEC\u0327A\u0303O PU\u0301BLICA 2021 PDF OFICINEIRO ARTES MARCIAIS<\/a><a href=\"https:\/\/www.paudalho.pe.gov.br\/portal\/wp-content\/uploads\/2021\/02\/RELAC\u0327A\u0303O-SELEC\u0327A\u0303O-PU\u0301BLICA-2021-PDF-OFICINEIRO-ARTES-MARCIAIS.pdf\" class=\"wp-block-file__button\" download>Baixar<\/a><\/div>\n\n\n\n<div class=\"wp-block-file\"><a href=\"https:\/\/www.paudalho.pe.gov.br\/portal\/wp-content\/uploads\/2021\/02\/RELAC\u0327A\u0303O-SELEC\u0327A\u0303O-PU\u0301BLICA-2021-PDF-OFICINEIRO-ARTESANATO.pdf\" target=\"_blank\" rel=\"noreferrer noopener\">RELAC\u0327A\u0303O SELEC\u0327A\u0303O PU\u0301BLICA 2021 PDF OFICINEIRO ARTESANATO<\/a><a href=\"https:\/\/www.paudalho.pe.gov.br\/portal\/wp-content\/uploads\/2021\/02\/RELAC\u0327A\u0303O-SELEC\u0327A\u0303O-PU\u0301BLICA-2021-PDF-OFICINEIRO-ARTESANATO.pdf\" class=\"wp-block-file__button\" download>Baixar<\/a><\/div>\n\n\n\n<div class=\"wp-block-file\"><a href=\"https:\/\/www.paudalho.pe.gov.br\/portal\/wp-content\/uploads\/2021\/02\/RELAC\u0327A\u0303O-SELEC\u0327A\u0303O-PU\u0301BLICA-2021-PDF-OFICINEIRO-DE-DANC\u0327A.pdf\" target=\"_blank\" rel=\"noreferrer noopener\">RELAC\u0327A\u0303O SELEC\u0327A\u0303O PU\u0301BLICA 2021 PDF OFICINEIRO DE DANC\u0327A<\/a><a href=\"https:\/\/www.paudalho.pe.gov.br\/portal\/wp-content\/uploads\/2021\/02\/RELAC\u0327A\u0303O-SELEC\u0327A\u0303O-PU\u0301BLICA-2021-PDF-OFICINEIRO-DE-DANC\u0327A.pdf\" class=\"wp-block-file__button\" download>Baixar<\/a><\/div>\n\n\n\n<div class=\"wp-block-file\"><a href=\"https:\/\/www.paudalho.pe.gov.br\/portal\/wp-content\/uploads\/2021\/02\/RELAC\u0327A\u0303O-SELEC\u0327A\u0303O-PU\u0301BLICA-2021-PDF-OFICINEIRO-DE-MU\u0301SICA.pdf\" target=\"_blank\" rel=\"noreferrer noopener\">RELAC\u0327A\u0303O SELEC\u0327A\u0303O PU\u0301BLICA 2021 PDF OFICINEIRO DE MU\u0301SICA<\/a><a href=\"https:\/\/www.paudalho.pe.gov.br\/portal\/wp-content\/uploads\/2021\/02\/RELAC\u0327A\u0303O-SELEC\u0327A\u0303O-PU\u0301BLICA-2021-PDF-OFICINEIRO-DE-MU\u0301SICA.pdf\" class=\"wp-block-file__button\" download>Baixar<\/a><\/div>\n\n\n\n<div class=\"wp-block-file\"><a href=\"https:\/\/www.paudalho.pe.gov.br\/portal\/wp-content\/uploads\/2021\/02\/RELAC\u0327A\u0303O-SELEC\u0327A\u0303O-PU\u0301BLICA-2021-PDF-ORIENTADOR-SOCIAL.pdf\" target=\"_blank\" rel=\"noreferrer noopener\">RELAC\u0327A\u0303O SELEC\u0327A\u0303O PU\u0301BLICA 2021 PDF ORIENTADOR SOCIAL<\/a><a href=\"https:\/\/www.paudalho.pe.gov.br\/portal\/wp-content\/uploads\/2021\/02\/RELAC\u0327A\u0303O-SELEC\u0327A\u0303O-PU\u0301BLICA-2021-PDF-ORIENTADOR-SOCIAL.pdf\" class=\"wp-block-file__button\" download>Baixar<\/a><\/div>\n\n\n\n<div class=\"wp-block-file\"><a href=\"https:\/\/www.paudalho.pe.gov.br\/portal\/wp-content\/uploads\/2021\/02\/RELAC\u0327A\u0303O-SELEC\u0327A\u0303O-PU\u0301BLICA-2021-PDF-PEDAGOGO.pdf\" target=\"_blank\" rel=\"noreferrer noopener\">RELAC\u0327A\u0303O SELEC\u0327A\u0303O PU\u0301BLICA 2021 PDF PEDAGOGO<\/a><a href=\"https:\/\/www.paudalho.pe.gov.br\/portal\/wp-content\/uploads\/2021\/02\/RELAC\u0327A\u0303O-SELEC\u0327A\u0303O-PU\u0301BLICA-2021-PDF-PEDAGOGO.pdf\" class=\"wp-block-file__button\" download>Baixar<\/a><\/div>\n\n\n\n<div class=\"wp-block-file\"><a href=\"https:\/\/www.paudalho.pe.gov.br\/portal\/wp-content\/uploads\/2021\/02\/RELAC\u0327A\u0303O-SELEC\u0327A\u0303O-PU\u0301BLICA-2021-PDF-PSICOLOGO.pdf\" target=\"_blank\" rel=\"noreferrer noopener\">RELAC\u0327A\u0303O SELEC\u0327A\u0303O PU\u0301BLICA 2021 PDF PSICOLOGO<\/a><a href=\"https:\/\/www.paudalho.pe.gov.br\/portal\/wp-content\/uploads\/2021\/02\/RELAC\u0327A\u0303O-SELEC\u0327A\u0303O-PU\u0301BLICA-2021-PDF-PSICOLOGO.pdf\" class=\"wp-block-file__button\" download>Baixar<\/a><\/div>\n\n\n\n<div class=\"wp-block-file\"><a href=\"https:\/\/www.paudalho.pe.gov.br\/portal\/wp-content\/uploads\/2021\/02\/RELAC\u0327A\u0303O-SELEC\u0327A\u0303O-PU\u0301BLICA-2021-PDF-VISITADOR.pdf\" target=\"_blank\" rel=\"noreferrer noopener\">RELAC\u0327A\u0303O SELEC\u0327A\u0303O PU\u0301BLICA 2021 PDF VISITADOR<\/a><a href=\"https:\/\/www.paudalho.pe.gov.br\/portal\/wp-content\/uploads\/2021\/02\/RELAC\u0327A\u0303O-SELEC\u0327A\u0303O-PU\u0301BLICA-2021-PDF-VISITADOR.pdf\" class=\"wp-block-file__button\" download>Baixar<\/a><\/div>\n\n\n\n<div class=\"wp-block-file\"><a href=\"https:\/\/www.paudalho.pe.gov.br\/portal\/wp-content\/uploads\/2021\/02\/RELAC\u0327A\u0303O-SELEC\u0327A\u0303O-PU\u0301BLICA-2021-PDF-CONTADOR.pdf\" target=\"_blank\" rel=\"noreferrer noopener\">RELAC\u0327A\u0303O SELEC\u0327A\u0303O PU\u0301BLICA 2021 PDF CONTADOR<\/a><a href=\"https:\/\/www.paudalho.pe.gov.br\/portal\/wp-content\/uploads\/2021\/02\/RELAC\u0327A\u0303O-SELEC\u0327A\u0303O-PU\u0301BLICA-2021-PDF-CONTADOR.pdf\" class=\"wp-block-file__button\" download>Baixar<\/a><\/div>\n","protected":false},"excerpt":{"rendered":"<p>Consulte o resultado com detalhamento utilizando seu CPF ou RG. Sa\u00fade &#8211; Consultar Resultado Assist\u00eancia &#8211; Consultar Resultado Educa\u00e7\u00e3o &#8211; Consultar Resultado Secretaria de Educa\u00e7\u00e3o Secretaria de Sa\u00fade Secretaria de Assist\u00eancia Social<\/p>\n","protected":false},"author":1,"featured_media":0,"parent":0,"menu_order":0,"comment_status":"closed","ping_status":"closed","template":"","meta":{"footnotes":""},"class_list":["post-13841","page","type-page","status-publish","hentry"],"jetpack_sharing_enabled":true,"jetpack_shortlink":"https:\/\/wp.me\/P98mS2-3Bf","_links":{"self":[{"href":"https:\/\/www.paudalho.pe.gov.br\/portal\/wp-json\/wp\/v2\/pages\/13841","targetHints":{"allow":["GET"]}}],"collection":[{"href":"https:\/\/www.paudalho.pe.gov.br\/portal\/wp-json\/wp\/v2\/pages"}],"about":[{"href":"https:\/\/www.paudalho.pe.gov.br\/portal\/wp-json\/wp\/v2\/types\/page"}],"author":[{"embeddable":true,"href":"https:\/\/www.paudalho.pe.gov.br\/portal\/wp-json\/wp\/v2\/users\/1"}],"replies":[{"embeddable":true,"href":"https:\/\/www.paudalho.pe.gov.br\/portal\/wp-json\/wp\/v2\/comments?post=13841"}],"version-history":[{"count":16,"href":"https:\/\/www.paudalho.pe.gov.br\/portal\/wp-json\/wp\/v2\/pages\/13841\/revisions"}],"predecessor-version":[{"id":14013,"href":"https:\/\/www.paudalho.pe.gov.br\/portal\/wp-json\/wp\/v2\/pages\/13841\/revisions\/14013"}],"wp:attachment":[{"href":"https:\/\/www.paudalho.pe.gov.br\/portal\/wp-json\/wp\/v2\/media?parent=13841"}],"curies":[{"name":"wp","href":"https:\/\/api.w.org\/{rel}","templated":true}]}}