{"id":11870,"date":"2020-08-06T14:57:30","date_gmt":"2020-08-06T17:57:30","guid":{"rendered":"https:\/\/www.paudalho.pe.gov.br\/portal\/?page_id=11870"},"modified":"2021-06-13T03:52:10","modified_gmt":"2021-06-13T06:52:10","slug":"covid-19","status":"publish","type":"page","link":"https:\/\/www.paudalho.pe.gov.br\/portal\/covid-19\/","title":{"rendered":"COVID-19"},"content":{"rendered":"\n<div style=\"height:27px\" aria-hidden=\"true\" class=\"wp-block-spacer\"><\/div>\n\n\n\n<h2 class=\"wp-block-heading\"><strong>O que \u00e9 COVID-19<\/strong><\/h2>\n\n\n\n<p class=\"has-text-align-justify\">Os coronav\u00edrus s\u00e3o uma grande fam\u00edlia de v\u00edrus comuns em muitas esp\u00e9cies diferentes de animais, incluindo camelos, gado, gatos e morcegos. Raramente, os coronav\u00edrus que infectam animais podem infectar pessoas, como exemplo do MERS-CoV e SARS-CoV. Recentemente, em dezembro de 2019, houve a transmiss\u00e3o de um novo coronav\u00edrus (SARS-CoV-2), o qual foi identificado em Wuhan na China e causou a COVID-19, sendo em seguida disseminada e transmitida pessoa a pessoa.<\/p>\n\n\n\n<p class=\"has-text-align-justify\">A COVID-19 \u00e9 uma doen\u00e7a causada pelo coronav\u00edrus, denominado SARS-CoV-2, que apresenta um espectro cl\u00ednico variando de infec\u00e7\u00f5es assintom\u00e1ticas a quadros graves. De acordo com a Organiza\u00e7\u00e3o Mundial de Sa\u00fade, a maioria (cerca de 80%) dos pacientes com COVID-19 podem ser assintom\u00e1ticos ou oligossintom\u00e1ticos (poucos sintomas), e aproximadamente 20% dos casos detectados requer atendimento hospitalar por apresentarem dificuldade respirat\u00f3ria, dos quais aproximadamente 5% podem necessitar de suporte ventilat\u00f3rio.<\/p>\n\n\n\n<div style=\"height:47px\" aria-hidden=\"true\" class=\"wp-block-spacer\"><\/div>\n\n\n\n<h4 class=\"wp-block-heading\"><strong>Publica\u00e7\u00f5es<\/strong><\/h4>\n\n\n\n<div class=\"wp-block-file\"><a href=\"https:\/\/www.paudalho.pe.gov.br\/portal\/wp-content\/uploads\/2021\/06\/Plano-de-imunizac\u0327a\u0303o-Covid19-Paudalho-versa\u0303o-02.03.pdf\" target=\"_blank\" rel=\"noreferrer noopener\">Plano de Imunizac\u0327a\u0303o Covid19 Paudalho<\/a><a href=\"https:\/\/www.paudalho.pe.gov.br\/portal\/wp-content\/uploads\/2021\/06\/Plano-de-imunizac\u0327a\u0303o-Covid19-Paudalho-versa\u0303o-02.03.pdf\" class=\"wp-block-file__button\" download>Baixar<\/a><\/div>\n\n\n\n<div style=\"height:22px\" aria-hidden=\"true\" class=\"wp-block-spacer\"><\/div>\n\n\n\n<div class=\"wp-block-buttons is-layout-flex wp-block-buttons-is-layout-flex\">\n<div class=\"wp-block-button has-custom-width wp-block-button__width-100 is-style-fill\"><a class=\"wp-block-button__link has-background\" href=\"https:\/\/paudalho.basemunicipal.com\/saude\/vacinometro\" style=\"background-color:#00641c\" target=\"_blank\" rel=\"noreferrer noopener\">Vacin\u00f4metro<\/a><\/div>\n\n\n\n<div class=\"wp-block-button has-custom-width wp-block-button__width-100\"><a class=\"wp-block-button__link has-white-color has-text-color has-background\" href=\"https:\/\/paudalho.basemunicipal.com\/saude\/covid\/vacinacao\/pre-cadastro\" style=\"background-color:#00198f\" target=\"_blank\" rel=\"noreferrer noopener\">Pr\u00e9-cadastro<\/a><\/div>\n<\/div>\n\n\n\n<div style=\"height:35px\" aria-hidden=\"true\" class=\"wp-block-spacer\"><\/div>\n\n\n\n<h4 class=\"wp-block-heading\"><strong>Transpar\u00eancia<\/strong><\/h4>\n\n\n\n<div class=\"wp-block-buttons is-layout-flex wp-block-buttons-is-layout-flex\">\n<div class=\"wp-block-button\"><a class=\"wp-block-button__link\" href=\"http:\/\/45.232.188.71:5656\/TRANSPARENCIA\/Default.aspx?AcessoIndividual=lnkCoronaVirus\" target=\"_blank\" rel=\"noreferrer noopener\">Receitas<\/a><\/div>\n\n\n\n<div class=\"wp-block-button\"><a class=\"wp-block-button__link\" href=\"http:\/\/45.232.188.71:5656\/TRANSPARENCIA\/Default.aspx?AcessoIndividual=lnkCoronaVirus\" target=\"_blank\" rel=\"noreferrer noopener\">Despesas<\/a><\/div>\n\n\n\n<div class=\"wp-block-button\"><a class=\"wp-block-button__link\" href=\"https:\/\/www.paudalho.pe.gov.br\/portal\/contratos\/?orgaos-contrato=covid-19\" target=\"_blank\" rel=\"noreferrer noopener\">Contratos<\/a><\/div>\n\n\n\n<div class=\"wp-block-button\"><a class=\"wp-block-button__link\" href=\"https:\/\/www.paudalho.pe.gov.br\/portal\/licitacoes\/?orgaos=covid-19\" target=\"_blank\" rel=\"noreferrer noopener\">Licita\u00e7\u00f5es<\/a><\/div>\n<\/div>\n\n\n\n<div style=\"height:35px\" aria-hidden=\"true\" class=\"wp-block-spacer\"><\/div>\n\n\n\n<p><\/p>\n","protected":false},"excerpt":{"rendered":"<p>O que \u00e9 COVID-19 Os coronav\u00edrus s\u00e3o uma grande fam\u00edlia de v\u00edrus comuns em muitas esp\u00e9cies diferentes de animais, incluindo camelos, gado, gatos e morcegos. Raramente, os coronav\u00edrus que infectam animais podem infectar pessoas, como exemplo do MERS-CoV e SARS-CoV. Recentemente, em dezembro de 2019, houve a transmiss\u00e3o de um novo coronav\u00edrus (SARS-CoV-2), o qual [&hellip;]<\/p>\n","protected":false},"author":1,"featured_media":11873,"parent":0,"menu_order":0,"comment_status":"closed","ping_status":"closed","template":"","meta":{"footnotes":""},"class_list":["post-11870","page","type-page","status-publish","has-post-thumbnail","hentry"],"jetpack_sharing_enabled":true,"jetpack_shortlink":"https:\/\/wp.me\/P98mS2-35s","_links":{"self":[{"href":"https:\/\/www.paudalho.pe.gov.br\/portal\/wp-json\/wp\/v2\/pages\/11870","targetHints":{"allow":["GET"]}}],"collection":[{"href":"https:\/\/www.paudalho.pe.gov.br\/portal\/wp-json\/wp\/v2\/pages"}],"about":[{"href":"https:\/\/www.paudalho.pe.gov.br\/portal\/wp-json\/wp\/v2\/types\/page"}],"author":[{"embeddable":true,"href":"https:\/\/www.paudalho.pe.gov.br\/portal\/wp-json\/wp\/v2\/users\/1"}],"replies":[{"embeddable":true,"href":"https:\/\/www.paudalho.pe.gov.br\/portal\/wp-json\/wp\/v2\/comments?post=11870"}],"version-history":[{"count":19,"href":"https:\/\/www.paudalho.pe.gov.br\/portal\/wp-json\/wp\/v2\/pages\/11870\/revisions"}],"predecessor-version":[{"id":15612,"href":"https:\/\/www.paudalho.pe.gov.br\/portal\/wp-json\/wp\/v2\/pages\/11870\/revisions\/15612"}],"wp:featuredmedia":[{"embeddable":true,"href":"https:\/\/www.paudalho.pe.gov.br\/portal\/wp-json\/wp\/v2\/media\/11873"}],"wp:attachment":[{"href":"https:\/\/www.paudalho.pe.gov.br\/portal\/wp-json\/wp\/v2\/media?parent=11870"}],"curies":[{"name":"wp","href":"https:\/\/api.w.org\/{rel}","templated":true}]}}